{"id":17662,"date":"2019-12-06T14:47:43","date_gmt":"2019-12-06T13:47:43","guid":{"rendered":"http:\/\/futurelab-aachen.de\/wissenschaftsbuero-3\/"},"modified":"2019-12-06T14:47:43","modified_gmt":"2019-12-06T13:47:43","slug":"wissenschaftsbuero-3","status":"publish","type":"page","link":"https:\/\/futurelab-aachen.de\/en\/wissenschaftsbuero-3\/","title":{"rendered":"Wissenschaftsb\u00fcro"},"content":{"rendered":"\t\t<div data-elementor-type=\"wp-page\" data-elementor-id=\"17662\" class=\"elementor elementor-17662\" data-elementor-post-type=\"page\">\n\t\t\t\t\t\t<section class=\"elementor-section elementor-top-section elementor-element elementor-element-63b0b126 elementor-section-boxed elementor-section-height-default elementor-section-height-default\" data-id=\"63b0b126\" data-element_type=\"section\" data-e-type=\"section\">\n\t\t\t\t\t\t<div class=\"elementor-container elementor-column-gap-wider\">\n\t\t\t\t\t<div class=\"elementor-column elementor-col-100 elementor-top-column elementor-element elementor-element-52795f09\" data-id=\"52795f09\" data-element_type=\"column\" data-e-type=\"column\">\n\t\t\t<div class=\"elementor-widget-wrap elementor-element-populated\">\n\t\t\t\t\t\t<div class=\"elementor-element elementor-element-4b562c25 elementor-widget elementor-widget-heading\" data-id=\"4b562c25\" data-element_type=\"widget\" data-e-type=\"widget\" data-widget_type=\"heading.default\">\n\t\t\t\t<div class=\"elementor-widget-container\">\n\t\t\t\t\t<h1 class=\"elementor-heading-title elementor-size-default\">FUTURE LAB AACHEN<\/h1>\t\t\t\t<\/div>\n\t\t\t\t<\/div>\n\t\t\t\t\t<\/div>\n\t\t<\/div>\n\t\t\t\t\t<\/div>\n\t\t<\/section>\n\t\t\t\t<section class=\"elementor-section elementor-top-section elementor-element elementor-element-6cec543d blackonwhite elementor-section-boxed elementor-section-height-default elementor-section-height-default\" data-id=\"6cec543d\" data-element_type=\"section\" data-e-type=\"section\">\n\t\t\t\t\t\t<div class=\"elementor-container elementor-column-gap-wider\">\n\t\t\t\t\t<div class=\"elementor-column elementor-col-100 elementor-top-column elementor-element elementor-element-d2c78f\" data-id=\"d2c78f\" data-element_type=\"column\" data-e-type=\"column\" data-settings=\"{&quot;background_background&quot;:&quot;classic&quot;}\">\n\t\t\t<div class=\"elementor-widget-wrap elementor-element-populated\">\n\t\t\t\t\t\t<section class=\"elementor-section elementor-inner-section elementor-element elementor-element-53af7a50 elementor-section-boxed elementor-section-height-default elementor-section-height-default\" data-id=\"53af7a50\" data-element_type=\"section\" data-e-type=\"section\">\n\t\t\t\t\t\t<div class=\"elementor-container elementor-column-gap-no\">\n\t\t\t\t\t<div class=\"elementor-column elementor-col-100 elementor-inner-column elementor-element elementor-element-75a14f27\" data-id=\"75a14f27\" data-element_type=\"column\" data-e-type=\"column\">\n\t\t\t<div class=\"elementor-widget-wrap elementor-element-populated\">\n\t\t\t\t\t\t<div class=\"elementor-element elementor-element-69e824e5 elementor-widget elementor-widget-heading\" data-id=\"69e824e5\" data-element_type=\"widget\" data-e-type=\"widget\" data-widget_type=\"heading.default\">\n\t\t\t\t<div class=\"elementor-widget-container\">\n\t\t\t\t\t<h1 class=\"elementor-heading-title elementor-size-default\">WISSENSCHAFTSB\u00dcRO\n<\/h1>\t\t\t\t<\/div>\n\t\t\t\t<\/div>\n\t\t\t\t\t<\/div>\n\t\t<\/div>\n\t\t\t\t\t<\/div>\n\t\t<\/section>\n\t\t\t\t<div class=\"elementor-element elementor-element-335f08b content elementor-widget elementor-widget-text-editor\" data-id=\"335f08b\" data-element_type=\"widget\" data-e-type=\"widget\" data-widget_type=\"text-editor.default\">\n\t\t\t\t<div class=\"elementor-widget-container\">\n\t\t\t\t\t\t\t\t\t<p>Wissenschaft ist das gro\u00dfe Aush\u00e4ngeschild und zugleich die wichtigste Ressource unserer Stadt. Vier Hochschulen mit 60.000 Studierenden und \u00fcber 12.000 Besch\u00e4ftigten bilden zusammen mit zahlreichen angrenzenden Forschungseinrichtungen eine einzigartige Wissenschaftslandschaft. Das Wissenschaftsb\u00fcro versteht sich als Bindeglied zwischen Hochschulen und Stadt. Es b\u00fcndelt, entwickelt und koordiniert zahlreiche Aktivit\u00e4ten und ist die Anlauf- und Servicestelle rund ums Thema Wissenschaftsstadt.<\/p><p>Die lokalen Hochschulen und ihre angegliederten Forschungseinrichtungen sind ma\u00dfgebliche Faktoren f\u00fcr die Entwicklung der Stadt Aachen. Die exzellente Forschung, die hochklassig ausgebildeten Absolventen sowie die hohen Studierendenzahlen unterst\u00fctzen die regionale Wirtschaft und bescheren der Stadt ein nachhaltiges Wachstum.<\/p><p>\u00dcber Veranstaltungen und Projekte intensiviert\u00a0 das Wissenschaftsb\u00fcro die Zusammenarbeit zwischen Verwaltung und Forschung. Es macht Wissenschaft in Aachen erlebbar und begreifbar. Die Kooperation mit Forschungseinrichtungen, Hochschulen, Kulturtr\u00e4gern, Unternehmen, Kammern und Medien macht die Stadt Aachen als Wohn- und Arbeitsstandort noch attraktiver.<\/p><p>Wer das Ganze nochmal sehen will, kann sich das<a href=\"https:\/\/youtu.be\/rRiqKQIml-o\" target=\"_blank\" rel=\"noopener noreferrer\">\u00a0kurze, zusammenfassende Video des Wissenschaftsb\u00fcros<\/a>\u00a0anschauen.<\/p><p>Und wer \u00fcber die Aktivit\u00e4ten des Fachbereichs und dessen Angebote f\u00fcr Unternehmen in Aachen auf dem Laufenden bleiben will, kann sich\u00a0<a href=\"http:\/\/www.aachen.de\/DE\/wirtschaft_technologie\/Newsletter\/index.html\" target=\"_blank\" rel=\"noopener noreferrer\">hier<\/a>\u00a0f\u00fcr den Newsletter anmelden.<\/p><p>\u00a0<\/p>\t\t\t\t\t\t\t\t<\/div>\n\t\t\t\t<\/div>\n\t\t\t\t<div class=\"elementor-element elementor-element-6bc7a8ce elementor-widget elementor-widget-heading\" data-id=\"6bc7a8ce\" data-element_type=\"widget\" data-e-type=\"widget\" data-widget_type=\"heading.default\">\n\t\t\t\t<div class=\"elementor-widget-container\">\n\t\t\t\t\t<h4 class=\"elementor-heading-title elementor-size-default\">Kontakt<\/h4>\t\t\t\t<\/div>\n\t\t\t\t<\/div>\n\t\t\t\t<div class=\"elementor-element elementor-element-21dcee4 elementor-widget elementor-widget-text-editor\" data-id=\"21dcee4\" data-element_type=\"widget\" data-e-type=\"widget\" data-widget_type=\"text-editor.default\">\n\t\t\t\t<div class=\"elementor-widget-container\">\n\t\t\t\t\t\t\t\t\t<p>Peter Gronostaj<br \/>Fachbereich Wirtschaft, Wissenschaft und Europa<br \/>Johannes-Paul-II.-Stra\u00dfe 1<br \/>52062 Aachen<br \/>Tel.: 0241 432-7655<br \/><a href=\"mailto:Peter.Gronostaj@mail.aachen.de\">E-Mail<\/a><\/p>\t\t\t\t\t\t\t\t<\/div>\n\t\t\t\t<\/div>\n\t\t\t\t<div class=\"elementor-element elementor-element-7d9d156b elementor-widget elementor-widget-spacer\" data-id=\"7d9d156b\" data-element_type=\"widget\" data-e-type=\"widget\" data-widget_type=\"spacer.default\">\n\t\t\t\t<div class=\"elementor-widget-container\">\n\t\t\t\t\t\t\t<div class=\"elementor-spacer\">\n\t\t\t<div class=\"elementor-spacer-inner\"><\/div>\n\t\t<\/div>\n\t\t\t\t\t\t<\/div>\n\t\t\t\t<\/div>\n\t\t\t\t\t<\/div>\n\t\t<\/div>\n\t\t\t\t\t<\/div>\n\t\t<\/section>\n\t\t\t\t<\/div>\n\t\t","protected":false},"excerpt":{"rendered":"<p>FUTURE LAB AACHEN WISSENSCHAFTSB\u00dcRO Wissenschaft ist das gro\u00dfe Aush\u00e4ngeschild und zugleich die wichtigste Ressource unserer Stadt. Vier Hochschulen [&hellip;]<\/p>\n","protected":false},"author":23,"featured_media":0,"parent":0,"menu_order":0,"comment_status":"closed","ping_status":"closed","template":"","meta":{"_acf_changed":false,"_lmt_disableupdate":"","_lmt_disable":"","footnotes":""},"class_list":["post-17662","page","type-page","status-publish","hentry"],"acf":[],"yoast_head":"<!-- This site is optimized with the Yoast SEO plugin v26.9 - https:\/\/yoast.com\/product\/yoast-seo-wordpress\/ -->\n<title>Wissenschaftsb\u00fcro - Future Lab Aachen<\/title>\n<meta name=\"robots\" content=\"index, follow, max-snippet:-1, max-image-preview:large, max-video-preview:-1\" \/>\n<link rel=\"canonical\" href=\"https:\/\/futurelab-aachen.de\/en\/wissenschaftsbuero-3\/\" \/>\n<meta property=\"og:locale\" content=\"en_US\" \/>\n<meta property=\"og:type\" content=\"article\" \/>\n<meta property=\"og:title\" content=\"Wissenschaftsb\u00fcro - Future Lab Aachen\" \/>\n<meta property=\"og:description\" content=\"FUTURE LAB AACHEN WISSENSCHAFTSB\u00dcRO Wissenschaft ist das gro\u00dfe Aush\u00e4ngeschild und zugleich die wichtigste Ressource unserer Stadt. Vier Hochschulen [&hellip;]\" \/>\n<meta property=\"og:url\" content=\"https:\/\/futurelab-aachen.de\/en\/wissenschaftsbuero-3\/\" \/>\n<meta property=\"og:site_name\" content=\"Future Lab Aachen\" \/>\n<meta name=\"twitter:card\" content=\"summary_large_image\" \/>\n<meta name=\"twitter:label1\" content=\"Est. reading time\" \/>\n\t<meta name=\"twitter:data1\" content=\"1 minute\" \/>\n<script type=\"application\/ld+json\" class=\"yoast-schema-graph\">{\"@context\":\"https:\/\/schema.org\",\"@graph\":[{\"@type\":\"WebPage\",\"@id\":\"https:\/\/futurelab-aachen.de\/en\/wissenschaftsbuero-3\/\",\"url\":\"https:\/\/futurelab-aachen.de\/en\/wissenschaftsbuero-3\/\",\"name\":\"Wissenschaftsb\u00fcro - Future Lab Aachen\",\"isPartOf\":{\"@id\":\"https:\/\/futurelab-aachen.de\/#website\"},\"datePublished\":\"2019-12-06T13:47:43+00:00\",\"breadcrumb\":{\"@id\":\"https:\/\/futurelab-aachen.de\/en\/wissenschaftsbuero-3\/#breadcrumb\"},\"inLanguage\":\"en-US\",\"potentialAction\":[{\"@type\":\"ReadAction\",\"target\":[\"https:\/\/futurelab-aachen.de\/en\/wissenschaftsbuero-3\/\"]}]},{\"@type\":\"BreadcrumbList\",\"@id\":\"https:\/\/futurelab-aachen.de\/en\/wissenschaftsbuero-3\/#breadcrumb\",\"itemListElement\":[{\"@type\":\"ListItem\",\"position\":1,\"name\":\"Startseite\",\"item\":\"https:\/\/futurelab-aachen.de\/en\/\"},{\"@type\":\"ListItem\",\"position\":2,\"name\":\"Wissenschaftsb\u00fcro\"}]},{\"@type\":\"WebSite\",\"@id\":\"https:\/\/futurelab-aachen.de\/#website\",\"url\":\"https:\/\/futurelab-aachen.de\/\",\"name\":\"Future Lab Aachen\",\"description\":\"Kunst des Fortschritts\",\"publisher\":{\"@id\":\"https:\/\/futurelab-aachen.de\/#organization\"},\"potentialAction\":[{\"@type\":\"SearchAction\",\"target\":{\"@type\":\"EntryPoint\",\"urlTemplate\":\"https:\/\/futurelab-aachen.de\/?s={search_term_string}\"},\"query-input\":{\"@type\":\"PropertyValueSpecification\",\"valueRequired\":true,\"valueName\":\"search_term_string\"}}],\"inLanguage\":\"en-US\"},{\"@type\":\"Organization\",\"@id\":\"https:\/\/futurelab-aachen.de\/#organization\",\"name\":\"Future Lab Aachen\",\"url\":\"https:\/\/futurelab-aachen.de\/\",\"logo\":{\"@type\":\"ImageObject\",\"inLanguage\":\"en-US\",\"@id\":\"https:\/\/futurelab-aachen.de\/#\/schema\/logo\/image\/\",\"url\":\"\",\"contentUrl\":\"\",\"caption\":\"Future Lab Aachen\"},\"image\":{\"@id\":\"https:\/\/futurelab-aachen.de\/#\/schema\/logo\/image\/\"}}]}<\/script>\n<!-- \/ Yoast SEO plugin. -->","yoast_head_json":{"title":"Wissenschaftsb\u00fcro - Future Lab Aachen","robots":{"index":"index","follow":"follow","max-snippet":"max-snippet:-1","max-image-preview":"max-image-preview:large","max-video-preview":"max-video-preview:-1"},"canonical":"https:\/\/futurelab-aachen.de\/en\/wissenschaftsbuero-3\/","og_locale":"en_US","og_type":"article","og_title":"Wissenschaftsb\u00fcro - Future Lab Aachen","og_description":"FUTURE LAB AACHEN WISSENSCHAFTSB\u00dcRO Wissenschaft ist das gro\u00dfe Aush\u00e4ngeschild und zugleich die wichtigste Ressource unserer Stadt. Vier Hochschulen [&hellip;]","og_url":"https:\/\/futurelab-aachen.de\/en\/wissenschaftsbuero-3\/","og_site_name":"Future Lab Aachen","twitter_card":"summary_large_image","twitter_misc":{"Est. reading time":"1 minute"},"schema":{"@context":"https:\/\/schema.org","@graph":[{"@type":"WebPage","@id":"https:\/\/futurelab-aachen.de\/en\/wissenschaftsbuero-3\/","url":"https:\/\/futurelab-aachen.de\/en\/wissenschaftsbuero-3\/","name":"Wissenschaftsb\u00fcro - Future Lab Aachen","isPartOf":{"@id":"https:\/\/futurelab-aachen.de\/#website"},"datePublished":"2019-12-06T13:47:43+00:00","breadcrumb":{"@id":"https:\/\/futurelab-aachen.de\/en\/wissenschaftsbuero-3\/#breadcrumb"},"inLanguage":"en-US","potentialAction":[{"@type":"ReadAction","target":["https:\/\/futurelab-aachen.de\/en\/wissenschaftsbuero-3\/"]}]},{"@type":"BreadcrumbList","@id":"https:\/\/futurelab-aachen.de\/en\/wissenschaftsbuero-3\/#breadcrumb","itemListElement":[{"@type":"ListItem","position":1,"name":"Startseite","item":"https:\/\/futurelab-aachen.de\/en\/"},{"@type":"ListItem","position":2,"name":"Wissenschaftsb\u00fcro"}]},{"@type":"WebSite","@id":"https:\/\/futurelab-aachen.de\/#website","url":"https:\/\/futurelab-aachen.de\/","name":"Future Lab Aachen","description":"Kunst des Fortschritts","publisher":{"@id":"https:\/\/futurelab-aachen.de\/#organization"},"potentialAction":[{"@type":"SearchAction","target":{"@type":"EntryPoint","urlTemplate":"https:\/\/futurelab-aachen.de\/?s={search_term_string}"},"query-input":{"@type":"PropertyValueSpecification","valueRequired":true,"valueName":"search_term_string"}}],"inLanguage":"en-US"},{"@type":"Organization","@id":"https:\/\/futurelab-aachen.de\/#organization","name":"Future Lab Aachen","url":"https:\/\/futurelab-aachen.de\/","logo":{"@type":"ImageObject","inLanguage":"en-US","@id":"https:\/\/futurelab-aachen.de\/#\/schema\/logo\/image\/","url":"","contentUrl":"","caption":"Future Lab Aachen"},"image":{"@id":"https:\/\/futurelab-aachen.de\/#\/schema\/logo\/image\/"}}]}},"_links":{"self":[{"href":"https:\/\/futurelab-aachen.de\/en\/wp-json\/wp\/v2\/pages\/17662","targetHints":{"allow":["GET"]}}],"collection":[{"href":"https:\/\/futurelab-aachen.de\/en\/wp-json\/wp\/v2\/pages"}],"about":[{"href":"https:\/\/futurelab-aachen.de\/en\/wp-json\/wp\/v2\/types\/page"}],"author":[{"embeddable":true,"href":"https:\/\/futurelab-aachen.de\/en\/wp-json\/wp\/v2\/users\/23"}],"replies":[{"embeddable":true,"href":"https:\/\/futurelab-aachen.de\/en\/wp-json\/wp\/v2\/comments?post=17662"}],"version-history":[{"count":0,"href":"https:\/\/futurelab-aachen.de\/en\/wp-json\/wp\/v2\/pages\/17662\/revisions"}],"wp:attachment":[{"href":"https:\/\/futurelab-aachen.de\/en\/wp-json\/wp\/v2\/media?parent=17662"}],"curies":[{"name":"wp","href":"https:\/\/api.w.org\/{rel}","templated":true}]}}