{"id":17668,"date":"2019-12-06T14:33:46","date_gmt":"2019-12-06T13:33:46","guid":{"rendered":"http:\/\/futurelab-aachen.de\/impressum\/"},"modified":"2019-12-11T10:15:51","modified_gmt":"2019-12-11T09:15:51","slug":"imprint","status":"publish","type":"page","link":"https:\/\/futurelab-aachen.de\/en\/imprint\/","title":{"rendered":"Imprint"},"content":{"rendered":"\t\t<div data-elementor-type=\"wp-page\" data-elementor-id=\"17668\" class=\"elementor elementor-17668\" data-elementor-post-type=\"page\">\n\t\t\t\t\t\t<section class=\"elementor-section elementor-top-section elementor-element elementor-element-5fb0085 elementor-section-boxed elementor-section-height-default elementor-section-height-default\" data-id=\"5fb0085\" data-element_type=\"section\" data-e-type=\"section\">\n\t\t\t\t\t\t<div class=\"elementor-container elementor-column-gap-wider\">\n\t\t\t\t\t<div class=\"elementor-column elementor-col-100 elementor-top-column elementor-element elementor-element-3c7e004c\" data-id=\"3c7e004c\" data-element_type=\"column\" data-e-type=\"column\" data-settings=\"{&quot;background_background&quot;:&quot;classic&quot;}\">\n\t\t\t<div class=\"elementor-widget-wrap elementor-element-populated\">\n\t\t\t\t\t\t<section class=\"elementor-section elementor-inner-section elementor-element elementor-element-2649cb77 elementor-section-boxed elementor-section-height-default elementor-section-height-default\" data-id=\"2649cb77\" data-element_type=\"section\" data-e-type=\"section\">\n\t\t\t\t\t\t<div class=\"elementor-container elementor-column-gap-no\">\n\t\t\t\t\t<div class=\"elementor-column elementor-col-100 elementor-inner-column elementor-element elementor-element-59a91b44\" data-id=\"59a91b44\" data-element_type=\"column\" data-e-type=\"column\">\n\t\t\t<div class=\"elementor-widget-wrap elementor-element-populated\">\n\t\t\t\t\t\t<div class=\"elementor-element elementor-element-4da5603e elementor-widget elementor-widget-heading\" data-id=\"4da5603e\" data-element_type=\"widget\" data-e-type=\"widget\" data-widget_type=\"heading.default\">\n\t\t\t\t<div class=\"elementor-widget-container\">\n\t\t\t\t\t<h1 class=\"elementor-heading-title elementor-size-default\">IMPRESSUM<\/h1>\t\t\t\t<\/div>\n\t\t\t\t<\/div>\n\t\t\t\t\t<\/div>\n\t\t<\/div>\n\t\t\t\t\t<\/div>\n\t\t<\/section>\n\t\t\t\t<div class=\"elementor-element elementor-element-3d09a77d content elementor-widget elementor-widget-text-editor\" data-id=\"3d09a77d\" data-element_type=\"widget\" data-e-type=\"widget\" data-widget_type=\"text-editor.default\">\n\t\t\t\t<div class=\"elementor-widget-container\">\n\t\t\t\t\t\t\t\t\t<p><b>Herausgeber<\/b><br \/>Stadt Aachen<br \/>Der Oberb\u00fcrgermeister<br \/>Fachbereich Presse und Marketing<br \/>Haus L\u00f6wenstein, Markt 39<br \/>52062 Aachen<br \/>Tel.: +49 241 432-1309<br \/>Fax: +49 241-28121<br \/>info@futurelab-aachen.de<br \/>www.aachen.de<\/p><p>VAT-ID-No.: DE 121 68 98 15<\/p><p><b>Redaktion<\/b><br \/>Dr. Jutta G\u00f6ricke, Elena Reinders<\/p><p><b>English Translation<\/b><br \/>Peter Bereza<\/p><p><b>Konzeption<\/b><br \/>Fachbereich Presse und Marketing der Stadt Aachen<br \/>wesentlich.com | Agentur f\u00fcr visuelle Kommunikation<\/p><p><b>Designkonzept und Webseite<\/b><br \/>wesentlich.com | Agentur f\u00fcr visuelle Kommunikation<br \/>COM.lounge GmbH<\/p><p>Alle Angaben ohne Gew\u00e4hr.<br \/>Wir verarbeiten die Terminank\u00fcndigungen der Veranstalter nach bestem Wissen und mit gr\u00f6\u00dfter Sorgfalt.<br \/>Bitte informieren Sie sich auf den Webseiten der Veranstalter \u00fcber m\u00f6gliche aktuelle \u00c4nderungen.<\/p><p><b>Haftungsausschluss<\/b><br \/>F\u00fcr die Richtigkeit und Vollst\u00e4ndigkeit eigener Inhalte und Zusammenstellungen \u00fcbernimmt der Autor keine Gew\u00e4hr. Dasselbe gilt f\u00fcr Inhalte<br \/>Dritter, die \u00fcber diesen Dienst zug\u00e4nglich gemacht werden. Die Nutzung erfolgt ausschlie\u00dflich auf eigenes Risiko des Anwenders. Der Autor lehnt jede Haftung ab. Soweit zwischen den Anwendern dieses Angebotes und dessen Autor ein Rechtsverh\u00e4ltnis bestehen sollte, untersteht dieses deutschem Recht. Dabei sind prim\u00e4r die Bundesgesetze im formellen Sinne anwendbar.<\/p><p>Hinweis: Verweise und Links<\/p><p>Bei direkten oder indirekten Verweisen auf fremde Internetseiten (\u201eLinks\u201c), die au\u00dferhalb des Verantwortungsbereiches des Autors liegen,<br \/>w\u00fcrde eine Haftungsverpflichtung ausschlie\u00dflich in dem Fall in Kraft treten, in dem der Autor von den Inhalten Kenntnis hat und es ihm technisch m\u00f6glich und zumutbar w\u00e4re, die Nutzung im Falle rechtswidriger Inhalte zu verhindern.<\/p><p>Der Autor erkl\u00e4rt hiermit ausdr\u00fccklich, dass zum Zeitpunkt der Linksetzung keine illegalen Inhalte auf den zu verlinkenden Seiten erkennbar<br \/>waren. Auf die aktuelle und zuk\u00fcnftige Gestaltung, die Inhalte oder die Urheberschaft der gelinkten\/verkn\u00fcpften Seiten hat der Autor keinerlei<br \/>Einfluss. Der Autor distanziert sich ausdr\u00fccklich von nach der Linksetzung eventuell vorgenommenen \u00c4nderungen\/Erg\u00e4nzungen, die illegalen<br \/>Inhalts sind.<\/p><p>Sollte jemand Kenntnis davon erlangen, dass Internetseiten, auf die von www.futurelab-aachen.de aus verlinkt wird, rechtswidrige Inhalte enthalten, bitten wir, uns das umgehend mitzuteilen.<\/p><p>Wir werden einen solchen Fall umgehend untersuchen, und falls er sich best\u00e4tigt, den Link unverz\u00fcglich von unserer Seite entfernen.<\/p>\t\t\t\t\t\t\t\t<\/div>\n\t\t\t\t<\/div>\n\t\t\t\t<div class=\"elementor-element elementor-element-6dd44a8b elementor-widget elementor-widget-spacer\" data-id=\"6dd44a8b\" data-element_type=\"widget\" data-e-type=\"widget\" data-widget_type=\"spacer.default\">\n\t\t\t\t<div class=\"elementor-widget-container\">\n\t\t\t\t\t\t\t<div class=\"elementor-spacer\">\n\t\t\t<div class=\"elementor-spacer-inner\"><\/div>\n\t\t<\/div>\n\t\t\t\t\t\t<\/div>\n\t\t\t\t<\/div>\n\t\t\t\t\t<\/div>\n\t\t<\/div>\n\t\t\t\t\t<\/div>\n\t\t<\/section>\n\t\t\t\t<\/div>\n\t\t","protected":false},"excerpt":{"rendered":"<p>IMPRESSUM Herausgeber Stadt Aachen Der Oberb\u00fcrgermeister Fachbereich Presse und Marketing Haus L\u00f6wenstein, Markt 39 52062 Aachen Tel.: +49 [&hellip;]<\/p>\n","protected":false},"author":23,"featured_media":0,"parent":0,"menu_order":0,"comment_status":"closed","ping_status":"closed","template":"","meta":{"_acf_changed":false,"_lmt_disableupdate":"","_lmt_disable":"","footnotes":""},"class_list":["post-17668","page","type-page","status-publish","hentry"],"acf":[],"yoast_head":"<!-- This site is optimized with the Yoast SEO plugin v26.9 - https:\/\/yoast.com\/product\/yoast-seo-wordpress\/ -->\n<title>Imprint - Future Lab Aachen<\/title>\n<meta name=\"robots\" content=\"index, follow, max-snippet:-1, max-image-preview:large, max-video-preview:-1\" \/>\n<link rel=\"canonical\" href=\"https:\/\/futurelab-aachen.de\/en\/imprint\/\" \/>\n<meta property=\"og:locale\" content=\"en_US\" \/>\n<meta property=\"og:type\" content=\"article\" \/>\n<meta property=\"og:title\" content=\"Imprint - Future Lab Aachen\" \/>\n<meta property=\"og:description\" content=\"IMPRESSUM Herausgeber Stadt Aachen Der Oberb\u00fcrgermeister Fachbereich Presse und Marketing Haus L\u00f6wenstein, Markt 39 52062 Aachen Tel.: +49 [&hellip;]\" \/>\n<meta property=\"og:url\" content=\"https:\/\/futurelab-aachen.de\/en\/imprint\/\" \/>\n<meta property=\"og:site_name\" content=\"Future Lab Aachen\" \/>\n<meta property=\"article:modified_time\" content=\"2019-12-11T09:15:51+00:00\" \/>\n<meta name=\"twitter:card\" content=\"summary_large_image\" \/>\n<meta name=\"twitter:label1\" content=\"Est. reading time\" \/>\n\t<meta name=\"twitter:data1\" content=\"2 minutes\" \/>\n<script type=\"application\/ld+json\" class=\"yoast-schema-graph\">{\"@context\":\"https:\/\/schema.org\",\"@graph\":[{\"@type\":\"WebPage\",\"@id\":\"https:\/\/futurelab-aachen.de\/en\/imprint\/\",\"url\":\"https:\/\/futurelab-aachen.de\/en\/imprint\/\",\"name\":\"Imprint - Future Lab Aachen\",\"isPartOf\":{\"@id\":\"https:\/\/futurelab-aachen.de\/#website\"},\"datePublished\":\"2019-12-06T13:33:46+00:00\",\"dateModified\":\"2019-12-11T09:15:51+00:00\",\"breadcrumb\":{\"@id\":\"https:\/\/futurelab-aachen.de\/en\/imprint\/#breadcrumb\"},\"inLanguage\":\"en-US\",\"potentialAction\":[{\"@type\":\"ReadAction\",\"target\":[\"https:\/\/futurelab-aachen.de\/en\/imprint\/\"]}]},{\"@type\":\"BreadcrumbList\",\"@id\":\"https:\/\/futurelab-aachen.de\/en\/imprint\/#breadcrumb\",\"itemListElement\":[{\"@type\":\"ListItem\",\"position\":1,\"name\":\"Startseite\",\"item\":\"https:\/\/futurelab-aachen.de\/en\/\"},{\"@type\":\"ListItem\",\"position\":2,\"name\":\"Imprint\"}]},{\"@type\":\"WebSite\",\"@id\":\"https:\/\/futurelab-aachen.de\/#website\",\"url\":\"https:\/\/futurelab-aachen.de\/\",\"name\":\"Future Lab Aachen\",\"description\":\"Kunst des Fortschritts\",\"publisher\":{\"@id\":\"https:\/\/futurelab-aachen.de\/#organization\"},\"potentialAction\":[{\"@type\":\"SearchAction\",\"target\":{\"@type\":\"EntryPoint\",\"urlTemplate\":\"https:\/\/futurelab-aachen.de\/?s={search_term_string}\"},\"query-input\":{\"@type\":\"PropertyValueSpecification\",\"valueRequired\":true,\"valueName\":\"search_term_string\"}}],\"inLanguage\":\"en-US\"},{\"@type\":\"Organization\",\"@id\":\"https:\/\/futurelab-aachen.de\/#organization\",\"name\":\"Future Lab Aachen\",\"url\":\"https:\/\/futurelab-aachen.de\/\",\"logo\":{\"@type\":\"ImageObject\",\"inLanguage\":\"en-US\",\"@id\":\"https:\/\/futurelab-aachen.de\/#\/schema\/logo\/image\/\",\"url\":\"\",\"contentUrl\":\"\",\"caption\":\"Future Lab Aachen\"},\"image\":{\"@id\":\"https:\/\/futurelab-aachen.de\/#\/schema\/logo\/image\/\"}}]}<\/script>\n<!-- \/ Yoast SEO plugin. -->","yoast_head_json":{"title":"Imprint - Future Lab Aachen","robots":{"index":"index","follow":"follow","max-snippet":"max-snippet:-1","max-image-preview":"max-image-preview:large","max-video-preview":"max-video-preview:-1"},"canonical":"https:\/\/futurelab-aachen.de\/en\/imprint\/","og_locale":"en_US","og_type":"article","og_title":"Imprint - Future Lab Aachen","og_description":"IMPRESSUM Herausgeber Stadt Aachen Der Oberb\u00fcrgermeister Fachbereich Presse und Marketing Haus L\u00f6wenstein, Markt 39 52062 Aachen Tel.: +49 [&hellip;]","og_url":"https:\/\/futurelab-aachen.de\/en\/imprint\/","og_site_name":"Future Lab Aachen","article_modified_time":"2019-12-11T09:15:51+00:00","twitter_card":"summary_large_image","twitter_misc":{"Est. reading time":"2 minutes"},"schema":{"@context":"https:\/\/schema.org","@graph":[{"@type":"WebPage","@id":"https:\/\/futurelab-aachen.de\/en\/imprint\/","url":"https:\/\/futurelab-aachen.de\/en\/imprint\/","name":"Imprint - Future Lab Aachen","isPartOf":{"@id":"https:\/\/futurelab-aachen.de\/#website"},"datePublished":"2019-12-06T13:33:46+00:00","dateModified":"2019-12-11T09:15:51+00:00","breadcrumb":{"@id":"https:\/\/futurelab-aachen.de\/en\/imprint\/#breadcrumb"},"inLanguage":"en-US","potentialAction":[{"@type":"ReadAction","target":["https:\/\/futurelab-aachen.de\/en\/imprint\/"]}]},{"@type":"BreadcrumbList","@id":"https:\/\/futurelab-aachen.de\/en\/imprint\/#breadcrumb","itemListElement":[{"@type":"ListItem","position":1,"name":"Startseite","item":"https:\/\/futurelab-aachen.de\/en\/"},{"@type":"ListItem","position":2,"name":"Imprint"}]},{"@type":"WebSite","@id":"https:\/\/futurelab-aachen.de\/#website","url":"https:\/\/futurelab-aachen.de\/","name":"Future Lab Aachen","description":"Kunst des Fortschritts","publisher":{"@id":"https:\/\/futurelab-aachen.de\/#organization"},"potentialAction":[{"@type":"SearchAction","target":{"@type":"EntryPoint","urlTemplate":"https:\/\/futurelab-aachen.de\/?s={search_term_string}"},"query-input":{"@type":"PropertyValueSpecification","valueRequired":true,"valueName":"search_term_string"}}],"inLanguage":"en-US"},{"@type":"Organization","@id":"https:\/\/futurelab-aachen.de\/#organization","name":"Future Lab Aachen","url":"https:\/\/futurelab-aachen.de\/","logo":{"@type":"ImageObject","inLanguage":"en-US","@id":"https:\/\/futurelab-aachen.de\/#\/schema\/logo\/image\/","url":"","contentUrl":"","caption":"Future Lab Aachen"},"image":{"@id":"https:\/\/futurelab-aachen.de\/#\/schema\/logo\/image\/"}}]}},"_links":{"self":[{"href":"https:\/\/futurelab-aachen.de\/en\/wp-json\/wp\/v2\/pages\/17668","targetHints":{"allow":["GET"]}}],"collection":[{"href":"https:\/\/futurelab-aachen.de\/en\/wp-json\/wp\/v2\/pages"}],"about":[{"href":"https:\/\/futurelab-aachen.de\/en\/wp-json\/wp\/v2\/types\/page"}],"author":[{"embeddable":true,"href":"https:\/\/futurelab-aachen.de\/en\/wp-json\/wp\/v2\/users\/23"}],"replies":[{"embeddable":true,"href":"https:\/\/futurelab-aachen.de\/en\/wp-json\/wp\/v2\/comments?post=17668"}],"version-history":[{"count":2,"href":"https:\/\/futurelab-aachen.de\/en\/wp-json\/wp\/v2\/pages\/17668\/revisions"}],"predecessor-version":[{"id":17806,"href":"https:\/\/futurelab-aachen.de\/en\/wp-json\/wp\/v2\/pages\/17668\/revisions\/17806"}],"wp:attachment":[{"href":"https:\/\/futurelab-aachen.de\/en\/wp-json\/wp\/v2\/media?parent=17668"}],"curies":[{"name":"wp","href":"https:\/\/api.w.org\/{rel}","templated":true}]}}