{"id":9256,"date":"2017-04-11T12:03:12","date_gmt":"2017-04-11T10:03:12","guid":{"rendered":"http:\/\/futurelab-aachen.de\/?page_id=9256\/"},"modified":"2019-12-09T14:16:00","modified_gmt":"2019-12-09T13:16:00","slug":"flapp-eng","status":"publish","type":"page","link":"https:\/\/futurelab-aachen.de\/en\/x-old\/flapp-eng\/","title":{"rendered":"FLApp"},"content":{"rendered":"<figure id=\"attachment_2689\" aria-describedby=\"caption-attachment-2689\" style=\"width: 4000px\" class=\"wp-caption alignleft\"><a href=\"https:\/\/futurelab-aachen.de\/wp-content\/uploads\/2015\/12\/Super-C-.jpg\"><img fetchpriority=\"high\" decoding=\"async\" class=\"wp-image-2689 size-full\" src=\"https:\/\/futurelab-aachen.de\/wp-content\/uploads\/2015\/12\/Super-C-.jpg\" alt=\"Super C \u00a9 RWTH Aachen\/Peter Winandy\" width=\"4000\" height=\"2662\" srcset=\"https:\/\/futurelab-aachen.de\/wp-content\/uploads\/2015\/12\/Super-C-.jpg 2080w, https:\/\/futurelab-aachen.de\/wp-content\/uploads\/2015\/12\/Super-C--575x384.jpg 575w, https:\/\/futurelab-aachen.de\/wp-content\/uploads\/2015\/12\/Super-C--637x424.jpg 637w, https:\/\/futurelab-aachen.de\/wp-content\/uploads\/2015\/12\/Super-C--720x479.jpg 720w, https:\/\/futurelab-aachen.de\/wp-content\/uploads\/2015\/12\/Super-C--204x136.jpg 204w, https:\/\/futurelab-aachen.de\/wp-content\/uploads\/2015\/12\/Super-C--596x397.jpg 596w\" sizes=\"(max-width: 4000px) 100vw, 4000px\" \/><\/a><figcaption id=\"caption-attachment-2689\" class=\"wp-caption-text\">Kleine Pause vor dem SuperC, einem Service &#8211; und Tagungsgeb\u00e4ude der RWTH Aachen &#8211; in dem man auch entspannt Kaffee trinken kann. Im Hintergrund blickt man auf einen Seitenfl\u00fcgel des Hauptgeb\u00e4udes.<\/figcaption><\/figure>\n<p>&nbsp;<\/p>\n<p><strong>RWTH Aachen University<\/strong><\/p>\n<p>Die RWTH hat sich klare Ziele gesetzt: Bis zum Jahr 2020 will sie, gemessen an der Qualit\u00e4t ihrer Absolventinnen und Absolventen, dem wissenschaftlichen Output und den Drittmitteln, die beste deutsche Technische Universit\u00e4t und eine der f\u00fcnf besten Europas sein.<\/p>\n<p>Die Exzellenzinitiative des Bundes und der L\u00e4nder bewirkte einen enormen Schub in der zielgerichteten Entwicklung der RWTH. Damit entfaltete sich eine gro\u00dfe Dynamik, die unter anderem die Spitzenposition der Hochschule im Bereich der Forschung st\u00e4rkt sowie in einer wachsenden Baut\u00e4tigkeit und in umfassenden Ma\u00dfnahmen zur Personalentwicklung deutlich wurde.<\/p>\n<p>Die RWTH Aachen geh\u00f6rt mit ihren 260 Instituten in neun Fakult\u00e4ten zu den f\u00fchrenden europ\u00e4ischen Wissenschafts- und Forschungseinrichtungen. Im Wintersemester 2015\/16 sind 43.721 Studierende in 152 Studieng\u00e4ngen eingeschrieben, davon 7904 internationale Studierende aus 125 L\u00e4ndern. Die Ausbildung an der RWTH Aachen ist vor allem anwendungsorientiert. Die Absolventinnen und Absolventen sind deshalb in der Wirtschaft gefragte Nachwuchs- und F\u00fchrungskr\u00e4fte.<\/p>\n<p>Im nationalen und internationalen Vergleich erreicht die RWTH immer wieder Spitzenpositionen. In den Rankings der WirtschaftsWoche steht sie im Jahr 2015 auf Platz 1 in den Naturwissenschaften, dem Maschinenbau und Wirtschaftsingenieurwesen. Seit Jahren ist die RWTH in allen technischen F\u00e4chern und den Naturwissenschaften unter den Top 3. Weltweit ist die Universit\u00e4t in Aachen im \u201eQS World University Rankings by Subject\u201d beste nicht-englischsprachige Universit\u00e4t im Maschinenbau mit Platz 12. Mit der Verausgabung von 143,5 Millionen Euro aus Forschungsmitteln der DFG steht sie in den Ingenieurwissenschaften erneut auf dem ersten Platz unter den deutschen Universit\u00e4ten.<\/p>\n<p>&nbsp;<\/p>\n<p><a href=\"https:\/\/futurelab-aachen.de\/wp-content\/uploads\/2015\/12\/KatHO-Aachen_3.jpg\"><img decoding=\"async\" class=\"alignnone size-full wp-image-3106\" src=\"https:\/\/futurelab-aachen.de\/wp-content\/uploads\/2015\/12\/KatHO-Aachen_3.jpg\" alt=\"KatHO Aachen_3\" width=\"5616\" height=\"3744\" srcset=\"https:\/\/futurelab-aachen.de\/wp-content\/uploads\/2015\/12\/KatHO-Aachen_3.jpg 2080w, https:\/\/futurelab-aachen.de\/wp-content\/uploads\/2015\/12\/KatHO-Aachen_3-575x384.jpg 575w, https:\/\/futurelab-aachen.de\/wp-content\/uploads\/2015\/12\/KatHO-Aachen_3-637x425.jpg 637w, https:\/\/futurelab-aachen.de\/wp-content\/uploads\/2015\/12\/KatHO-Aachen_3-720x480.jpg 720w, https:\/\/futurelab-aachen.de\/wp-content\/uploads\/2015\/12\/KatHO-Aachen_3-204x136.jpg 204w, https:\/\/futurelab-aachen.de\/wp-content\/uploads\/2015\/12\/KatHO-Aachen_3-596x397.jpg 596w\" sizes=\"(max-width: 5616px) 100vw, 5616px\" \/><\/a><\/p>\n<p><strong>Katholische Hochschule<\/strong><\/p>\n<p>Die Katholische Hochschule (KatHO\/University of Applied Science) in Aachen ist eine von vier Abteilungen der KatHO NRW und die einzige Hochschule f\u00fcr \u201eSoziale Arbeit\u201c in der Region. Sie befindet sich in einem denkmalgesch\u00fctzten Geb\u00e4ude des Bauhaus-Architekten Rudolf Schwarz in zentraler Lage.<\/p>\n<p>Die Hochschule bewegt sich zwischen regionaler Bezogenheit und internationaler Orientierung. Ausdruck tiefer Verwurzelung der Hochschule und ihrer Angeh\u00f6rigen mit der Stadt und der Euregio sind die zahlreichen engen Theorie-Praxis-Kontakte mit allen Institutionen des Sozial-, Bildungs- und Gesundheitswesens. Mit dem Z\u00c4SKO (Zentrum f\u00fcr \u00c4sthetik und Kommunikation) wurde in den vergangenen Jahren ein innovatives Netzwerk im Bereich k\u00fcnstlerisch-kultureller Praxis aufgebaut. Internationale Kooperationen mit Universit\u00e4ten in der ganzen Welt (u.a. Niederlande, Belgien, T\u00fcrkei, USA, Japan) erm\u00f6glichen den Studierenden Exkursionen und Auslandsstudium.<\/p>\n<p>Der Bachelor Soziale Arbeit ist ein Vollzeitstudium und wird \u2013 bundesweit einmalig! \u2013 auch als Kompaktstudium f\u00fcr Frauen und M\u00e4nner neben der Familient\u00e4tigkeit angeboten. Eingebettet in die Disziplin Soziale Arbeit vermittelt das Studium interdisziplin\u00e4res Wissen und methodische Kompetenz f\u00fcr die vielf\u00e4ltigen Handlungsfelder der Sozialer Arbeit. Nach sechs Semestern erhalten die Studierenden ihren berufsqualifizierenden Hochschulabschluss Bachelor of Arts und zugleich die staatliche Anerkennung als Sozialarbeiter*in und Sozialp\u00e4dagog*in.<\/p>\n<p>Die Masterstudieng\u00e4nge \u201emit den Schwerpunkten \u201eBildung und Teilhabe\u201c und \u201eKlinisch-therapeutische Soziale Arbeit\u201c sind forschungsorientiert ausgerichtet. In der Vielzahl der Forschungsschwerpunkte so z.B. Gender und Transkulturalit\u00e4t, Teilhabeforschung, Netzwerkforschung, Bildung und Diversity, Sucht- und Psychiatrieforschung, Geriatrische Versorgung und den Forschungsinstituten \u201eInstitut f\u00fcr Soziale Psychiatrie\u201c (igsp) und \u201eDeutsches Institut f\u00fcr Sucht- und Pr\u00e4ventionsforschung\u201c (DiSuP) werden Studierende und wissenschaftlicher Nachwuchs systematisch eingebunden. Fachspezifische Vertiefung bieten Weiterbildungsangebote wie \u201eP\u00e4dagogische Kunsttherapie\u201c und \u201eKinderschutz-Fachkraft\u201c, die berufsbegleitenden Master-Studieng\u00e4nge \u201eKooperationsmanagement\u201c und \u201eEhe-, Familien und Lebensberatung\u201c sowie Fachtagungen und Praxis- und Begegnungstage.<\/p>\n<p>Die KatHO in Aachen bietet ihren Studierenden ein umfangreiches Betreuungs- und Beratungsangebot in allen Studienphasen (psychologische Beratung, Rechtsberatung, Elternberatung). Der pers\u00f6nliche Charakter der Hochschule erm\u00f6glicht Studierenden eine gute Orientierung und sichert den unmittelbaren Kontakt zwischen Lehrenden und Studierenden. Die Hochschule legt in ihrem Curriculum besonderen Wert auf einen intensiven Praxisbezug (integrierte Studienprojekte) sowie auf pers\u00f6nlichkeitsbildende Angebote. Im nationalen Vergleich rangiert die Abteilung Aachen der KatHO NRW seit vielen Jahren in Hochschulrankings auf den Spitzenpl\u00e4tzen.<\/p>\n<p>&nbsp;<\/p>\n","protected":false},"excerpt":{"rendered":"<p>&nbsp; RWTH Aachen University Die RWTH hat sich klare Ziele gesetzt: Bis zum Jahr 2020 will sie, gemessen [&hellip;]<\/p>\n","protected":false},"author":5,"featured_media":0,"parent":17654,"menu_order":0,"comment_status":"closed","ping_status":"closed","template":"page-dynamic.php","meta":{"_acf_changed":false,"_lmt_disableupdate":"","_lmt_disable":"","footnotes":""},"class_list":["post-9256","page","type-page","status-publish","hentry"],"acf":[],"yoast_head":"<!-- This site is optimized with the Yoast SEO plugin v26.9 - https:\/\/yoast.com\/product\/yoast-seo-wordpress\/ -->\n<title>FLApp - Future Lab Aachen<\/title>\n<meta name=\"robots\" content=\"index, follow, max-snippet:-1, max-image-preview:large, max-video-preview:-1\" \/>\n<link rel=\"canonical\" href=\"https:\/\/futurelab-aachen.de\/en\/x-old\/flapp-eng\/\" \/>\n<meta property=\"og:locale\" content=\"en_US\" \/>\n<meta property=\"og:type\" content=\"article\" \/>\n<meta property=\"og:title\" content=\"FLApp - Future Lab Aachen\" \/>\n<meta property=\"og:description\" content=\"&nbsp; RWTH Aachen University Die RWTH hat sich klare Ziele gesetzt: Bis zum Jahr 2020 will sie, gemessen [&hellip;]\" \/>\n<meta property=\"og:url\" content=\"https:\/\/futurelab-aachen.de\/en\/x-old\/flapp-eng\/\" \/>\n<meta property=\"og:site_name\" content=\"Future Lab Aachen\" \/>\n<meta property=\"article:modified_time\" content=\"2019-12-09T13:16:00+00:00\" \/>\n<meta property=\"og:image\" content=\"https:\/\/futurelab-aachen.de\/wp-content\/uploads\/2015\/12\/Super-C-.jpg\" \/>\n<meta name=\"twitter:card\" content=\"summary_large_image\" \/>\n<meta name=\"twitter:label1\" content=\"Est. reading time\" \/>\n\t<meta name=\"twitter:data1\" content=\"3 minutes\" \/>\n<script type=\"application\/ld+json\" class=\"yoast-schema-graph\">{\"@context\":\"https:\/\/schema.org\",\"@graph\":[{\"@type\":\"WebPage\",\"@id\":\"https:\/\/futurelab-aachen.de\/en\/x-old\/flapp-eng\/\",\"url\":\"https:\/\/futurelab-aachen.de\/en\/x-old\/flapp-eng\/\",\"name\":\"FLApp - Future Lab Aachen\",\"isPartOf\":{\"@id\":\"https:\/\/futurelab-aachen.de\/#website\"},\"primaryImageOfPage\":{\"@id\":\"https:\/\/futurelab-aachen.de\/en\/x-old\/flapp-eng\/#primaryimage\"},\"image\":{\"@id\":\"https:\/\/futurelab-aachen.de\/en\/x-old\/flapp-eng\/#primaryimage\"},\"thumbnailUrl\":\"https:\/\/futurelab-aachen.de\/wp-content\/uploads\/2015\/12\/Super-C-.jpg\",\"datePublished\":\"2017-04-11T10:03:12+00:00\",\"dateModified\":\"2019-12-09T13:16:00+00:00\",\"breadcrumb\":{\"@id\":\"https:\/\/futurelab-aachen.de\/en\/x-old\/flapp-eng\/#breadcrumb\"},\"inLanguage\":\"en-US\",\"potentialAction\":[{\"@type\":\"ReadAction\",\"target\":[\"https:\/\/futurelab-aachen.de\/en\/x-old\/flapp-eng\/\"]}]},{\"@type\":\"ImageObject\",\"inLanguage\":\"en-US\",\"@id\":\"https:\/\/futurelab-aachen.de\/en\/x-old\/flapp-eng\/#primaryimage\",\"url\":\"https:\/\/futurelab-aachen.de\/wp-content\/uploads\/2015\/12\/Super-C-.jpg\",\"contentUrl\":\"https:\/\/futurelab-aachen.de\/wp-content\/uploads\/2015\/12\/Super-C-.jpg\"},{\"@type\":\"BreadcrumbList\",\"@id\":\"https:\/\/futurelab-aachen.de\/en\/x-old\/flapp-eng\/#breadcrumb\",\"itemListElement\":[{\"@type\":\"ListItem\",\"position\":1,\"name\":\"Startseite\",\"item\":\"https:\/\/futurelab-aachen.de\/en\/\"},{\"@type\":\"ListItem\",\"position\":2,\"name\":\"x-old\",\"item\":\"https:\/\/futurelab-aachen.de\/en\/x-old\/\"},{\"@type\":\"ListItem\",\"position\":3,\"name\":\"FLApp\"}]},{\"@type\":\"WebSite\",\"@id\":\"https:\/\/futurelab-aachen.de\/#website\",\"url\":\"https:\/\/futurelab-aachen.de\/\",\"name\":\"Future Lab Aachen\",\"description\":\"Kunst des Fortschritts\",\"publisher\":{\"@id\":\"https:\/\/futurelab-aachen.de\/#organization\"},\"potentialAction\":[{\"@type\":\"SearchAction\",\"target\":{\"@type\":\"EntryPoint\",\"urlTemplate\":\"https:\/\/futurelab-aachen.de\/?s={search_term_string}\"},\"query-input\":{\"@type\":\"PropertyValueSpecification\",\"valueRequired\":true,\"valueName\":\"search_term_string\"}}],\"inLanguage\":\"en-US\"},{\"@type\":\"Organization\",\"@id\":\"https:\/\/futurelab-aachen.de\/#organization\",\"name\":\"Future Lab Aachen\",\"url\":\"https:\/\/futurelab-aachen.de\/\",\"logo\":{\"@type\":\"ImageObject\",\"inLanguage\":\"en-US\",\"@id\":\"https:\/\/futurelab-aachen.de\/#\/schema\/logo\/image\/\",\"url\":\"\",\"contentUrl\":\"\",\"caption\":\"Future Lab Aachen\"},\"image\":{\"@id\":\"https:\/\/futurelab-aachen.de\/#\/schema\/logo\/image\/\"}}]}<\/script>\n<!-- \/ Yoast SEO plugin. -->","yoast_head_json":{"title":"FLApp - Future Lab Aachen","robots":{"index":"index","follow":"follow","max-snippet":"max-snippet:-1","max-image-preview":"max-image-preview:large","max-video-preview":"max-video-preview:-1"},"canonical":"https:\/\/futurelab-aachen.de\/en\/x-old\/flapp-eng\/","og_locale":"en_US","og_type":"article","og_title":"FLApp - Future Lab Aachen","og_description":"&nbsp; RWTH Aachen University Die RWTH hat sich klare Ziele gesetzt: Bis zum Jahr 2020 will sie, gemessen [&hellip;]","og_url":"https:\/\/futurelab-aachen.de\/en\/x-old\/flapp-eng\/","og_site_name":"Future Lab Aachen","article_modified_time":"2019-12-09T13:16:00+00:00","og_image":[{"url":"https:\/\/futurelab-aachen.de\/wp-content\/uploads\/2015\/12\/Super-C-.jpg","type":"","width":"","height":""}],"twitter_card":"summary_large_image","twitter_misc":{"Est. reading time":"3 minutes"},"schema":{"@context":"https:\/\/schema.org","@graph":[{"@type":"WebPage","@id":"https:\/\/futurelab-aachen.de\/en\/x-old\/flapp-eng\/","url":"https:\/\/futurelab-aachen.de\/en\/x-old\/flapp-eng\/","name":"FLApp - Future Lab Aachen","isPartOf":{"@id":"https:\/\/futurelab-aachen.de\/#website"},"primaryImageOfPage":{"@id":"https:\/\/futurelab-aachen.de\/en\/x-old\/flapp-eng\/#primaryimage"},"image":{"@id":"https:\/\/futurelab-aachen.de\/en\/x-old\/flapp-eng\/#primaryimage"},"thumbnailUrl":"https:\/\/futurelab-aachen.de\/wp-content\/uploads\/2015\/12\/Super-C-.jpg","datePublished":"2017-04-11T10:03:12+00:00","dateModified":"2019-12-09T13:16:00+00:00","breadcrumb":{"@id":"https:\/\/futurelab-aachen.de\/en\/x-old\/flapp-eng\/#breadcrumb"},"inLanguage":"en-US","potentialAction":[{"@type":"ReadAction","target":["https:\/\/futurelab-aachen.de\/en\/x-old\/flapp-eng\/"]}]},{"@type":"ImageObject","inLanguage":"en-US","@id":"https:\/\/futurelab-aachen.de\/en\/x-old\/flapp-eng\/#primaryimage","url":"https:\/\/futurelab-aachen.de\/wp-content\/uploads\/2015\/12\/Super-C-.jpg","contentUrl":"https:\/\/futurelab-aachen.de\/wp-content\/uploads\/2015\/12\/Super-C-.jpg"},{"@type":"BreadcrumbList","@id":"https:\/\/futurelab-aachen.de\/en\/x-old\/flapp-eng\/#breadcrumb","itemListElement":[{"@type":"ListItem","position":1,"name":"Startseite","item":"https:\/\/futurelab-aachen.de\/en\/"},{"@type":"ListItem","position":2,"name":"x-old","item":"https:\/\/futurelab-aachen.de\/en\/x-old\/"},{"@type":"ListItem","position":3,"name":"FLApp"}]},{"@type":"WebSite","@id":"https:\/\/futurelab-aachen.de\/#website","url":"https:\/\/futurelab-aachen.de\/","name":"Future Lab Aachen","description":"Kunst des Fortschritts","publisher":{"@id":"https:\/\/futurelab-aachen.de\/#organization"},"potentialAction":[{"@type":"SearchAction","target":{"@type":"EntryPoint","urlTemplate":"https:\/\/futurelab-aachen.de\/?s={search_term_string}"},"query-input":{"@type":"PropertyValueSpecification","valueRequired":true,"valueName":"search_term_string"}}],"inLanguage":"en-US"},{"@type":"Organization","@id":"https:\/\/futurelab-aachen.de\/#organization","name":"Future Lab Aachen","url":"https:\/\/futurelab-aachen.de\/","logo":{"@type":"ImageObject","inLanguage":"en-US","@id":"https:\/\/futurelab-aachen.de\/#\/schema\/logo\/image\/","url":"","contentUrl":"","caption":"Future Lab Aachen"},"image":{"@id":"https:\/\/futurelab-aachen.de\/#\/schema\/logo\/image\/"}}]}},"_links":{"self":[{"href":"https:\/\/futurelab-aachen.de\/en\/wp-json\/wp\/v2\/pages\/9256","targetHints":{"allow":["GET"]}}],"collection":[{"href":"https:\/\/futurelab-aachen.de\/en\/wp-json\/wp\/v2\/pages"}],"about":[{"href":"https:\/\/futurelab-aachen.de\/en\/wp-json\/wp\/v2\/types\/page"}],"author":[{"embeddable":true,"href":"https:\/\/futurelab-aachen.de\/en\/wp-json\/wp\/v2\/users\/5"}],"replies":[{"embeddable":true,"href":"https:\/\/futurelab-aachen.de\/en\/wp-json\/wp\/v2\/comments?post=9256"}],"version-history":[{"count":3,"href":"https:\/\/futurelab-aachen.de\/en\/wp-json\/wp\/v2\/pages\/9256\/revisions"}],"predecessor-version":[{"id":9775,"href":"https:\/\/futurelab-aachen.de\/en\/wp-json\/wp\/v2\/pages\/9256\/revisions\/9775"}],"up":[{"embeddable":true,"href":"https:\/\/futurelab-aachen.de\/en\/wp-json\/wp\/v2\/pages\/17654"}],"wp:attachment":[{"href":"https:\/\/futurelab-aachen.de\/en\/wp-json\/wp\/v2\/media?parent=9256"}],"curies":[{"name":"wp","href":"https:\/\/api.w.org\/{rel}","templated":true}]}}